{"id":634,"date":"2025-05-14T08:23:46","date_gmt":"2025-05-14T08:23:46","guid":{"rendered":"https:\/\/sergioflores.eurovia.net\/?page_id=634"},"modified":"2025-10-21T11:44:31","modified_gmt":"2025-10-21T11:44:31","slug":"sobre-mi","status":"publish","type":"page","link":"https:\/\/sergiofloresfoto.com\/ca\/sobre-mi\/","title":{"rendered":"Sobre mi"},"content":{"rendered":"<div class=\"gb-element-0ecab2f8\">\n<div>\n<img decoding=\"async\" width=\"1337\" height=\"1500\" class=\"gb-media-5c3da501 lazyload\" alt=\"\" data-src=\"https:\/\/sergiofloresfoto.com\/wp-content\/uploads\/2025\/10\/SergiFlores-Foto-de-Jordi-Casademont-.jpg\" title=\"Jordi Casademont\" data-srcset=\"https:\/\/sergiofloresfoto.com\/wp-content\/uploads\/2025\/10\/SergiFlores-Foto-de-Jordi-Casademont-.jpg 1337w, https:\/\/sergiofloresfoto.com\/wp-content\/uploads\/2025\/10\/SergiFlores-Foto-de-Jordi-Casademont--267x300.jpg 267w, https:\/\/sergiofloresfoto.com\/wp-content\/uploads\/2025\/10\/SergiFlores-Foto-de-Jordi-Casademont--913x1024.jpg 913w, https:\/\/sergiofloresfoto.com\/wp-content\/uploads\/2025\/10\/SergiFlores-Foto-de-Jordi-Casademont--768x862.jpg 768w\" data-sizes=\"(max-width: 1337px) 100vw, 1337px\" src=\"data:image\/svg+xml;base64,PHN2ZyB3aWR0aD0iMSIgaGVpZ2h0PSIxIiB4bWxucz0iaHR0cDovL3d3dy53My5vcmcvMjAwMC9zdmciPjwvc3ZnPg==\" style=\"--smush-placeholder-width: 1337px; --smush-placeholder-aspect-ratio: 1337\/1500;\" \/>\n<\/div>\n\n\n\n<div>\n<h2 class=\"wp-block-heading\">Sergio Flores<\/h2>\n\n\n\n<h3 class=\"wp-block-heading\">Fot\u00f2graf<\/h3>\n\n\n\n<p class=\"translation-block\">Sergio Flores posseeix una \u00e0mplia experi\u00e8ncia en l'\u00e0mbit de la imatge des que en 1987 va tenir el seu primer contacte amb cursos de formaci\u00f3 audiovisual organitzats per l'Ajuntament de Barcelona. Posteriorment, va comen\u00e7ar la seva traject\u00f2ria professional en la productora V\u00eddeo Comunicaci\u00f3n en el departament de luminot\u00e8cnia, on va participar en la gravaci\u00f3 de nombrosos anuncis publicitaris i en les emissions dels programes <em>3\u00d74 <\/em>i <em>La Palmera<\/em>, de TVE.<\/p>\n\n\n\n<p>Despr\u00e9s d'una temporada en Mito Plat\u00f3s, va estudiar en el Institut d\u2019Estudis Fotogr\u00e0fics de Catalunya, per a completar, anys despr\u00e9s, la seva formaci\u00f3 amb la titulaci\u00f3 de T\u00e8cnic Superior d'Imatge a l'Institut Mare de D\u00e9u de la Merc\u00e8 a Barcelona.<\/p>\n\n\n\n<p>En 1991, comen\u00e7a la seva aventura com a fot\u00f2graf independent amb reportatges i col\u00b7laboracions en premsa local en el districte de Sant Mart\u00ed de Barcelona i en diverses revistes musicals. L'any 2000, va fundar i va coordinar la secci\u00f3 Rockimpr\u00e8s de fot\u00f2grafs i redactors per a la web musical atiza.com.<\/p>\n\n\n\n<p>Entre 1995 i 2009, va treballar en reportatges de passarel\u00b7la de moda internacional amb el fot\u00f2graf Antoni Ruiz Arag\u00f3 i amb L\u2019Estrop Produccions, i va publicar en diverses revistes, entre elles <em>La Vanguardia Magazine, Lecturas Moda y Woman.<\/em><\/p>\n\n\n\n<p>Des de 2010 i fins a l'actualitat, la seva dedicaci\u00f3 fotogr\u00e0fica se centra en l'ampli ventall del reportatge: de centres comercials, d'esdeveniments, de fires i congressos, de reportatges socials i de fotografia escolar, aix\u00ed com en la realitzaci\u00f3 de tallers de fotografia en centres municipals, que han donat lloc a l'origen de les associacions Fotoclub Poblenou i Fotogrup Bes\u00f2s-Maresme. A m\u00e9s, col\u00b7labora amb l'ag\u00e8ncia italiana Imaxtree Lauchmetrics en les desfilades 080 Barcelona i la Bridal Week amb publicacions en revistes nacionals i internacionals, com <em>Elle Sposa<\/em> y la secci\u00f3n <em>S Moda<\/em> de <em>El Pa\u00eds<\/em>.<\/p>\n<\/div>\n<\/div>","protected":false},"excerpt":{"rendered":"<p>Sergio Flores Fot\u00f3grafo Sergio&nbsp;Flores&nbsp;posee una amplia experiencia en el \u00e1mbito de la imagen desde que en 1987 tuvo su primer contacto con cursos de formaci\u00f3n audiovisual organizados por el Ayuntamiento de Barcelona. Posteriormente, empez\u00f3 su trayectoria profesional en la productora V\u00eddeo Comunicaci\u00f3n en el departamento de luminotecnia, donde particip\u00f3 en la grabaci\u00f3n de numerosos anuncios &#8230; <a title=\"Sobre mi\" class=\"read-more\" href=\"https:\/\/sergiofloresfoto.com\/ca\/sobre-mi\/\" aria-label=\"M\u00e9s informaci\u00f3 sobre Sobre m\u00ed\">Read more<\/a><\/p>","protected":false},"author":1,"featured_media":0,"parent":0,"menu_order":0,"comment_status":"closed","ping_status":"closed","template":"","meta":{"_acf_changed":false,"inline_featured_image":false,"footnotes":""},"class_list":["post-634","page","type-page","status-publish"],"acf":[],"yoast_head":"<!-- This site is optimized with the Yoast SEO plugin v27.5 - https:\/\/yoast.com\/product\/yoast-seo-wordpress\/ -->\n<title>Sobre m\u00ed - Sergio Flores Fot\u00f3grafo<\/title>\n<meta name=\"robots\" content=\"index, follow, max-snippet:-1, max-image-preview:large, max-video-preview:-1\" \/>\n<link rel=\"canonical\" href=\"https:\/\/sergiofloresfoto.com\/ca\/sobre-mi\/\" \/>\n<meta property=\"og:locale\" content=\"ca_ES\" \/>\n<meta property=\"og:type\" content=\"article\" \/>\n<meta property=\"og:title\" content=\"Sobre m\u00ed - Sergio Flores Fot\u00f3grafo\" \/>\n<meta property=\"og:description\" content=\"Sergio Flores Fot\u00f3grafo Sergio&nbsp;Flores&nbsp;posee una amplia experiencia en el \u00e1mbito de la imagen desde que en 1987 tuvo su primer contacto con cursos de formaci\u00f3n audiovisual organizados por el Ayuntamiento de Barcelona. Posteriormente, empez\u00f3 su trayectoria profesional en la productora V\u00eddeo Comunicaci\u00f3n en el departamento de luminotecnia, donde particip\u00f3 en la grabaci\u00f3n de numerosos anuncios ... Read more\" \/>\n<meta property=\"og:url\" content=\"https:\/\/sergiofloresfoto.com\/ca\/sobre-mi\/\" \/>\n<meta property=\"og:site_name\" content=\"Sergio Flores Fot\u00f3grafo\" \/>\n<meta property=\"article:modified_time\" content=\"2025-10-21T11:44:31+00:00\" \/>\n<meta property=\"og:image\" content=\"https:\/\/sergiofloresfoto.com\/wp-content\/uploads\/2025\/10\/SergiFlores-Foto-de-Jordi-Casademont-.jpg\" \/>\n<meta name=\"twitter:card\" content=\"summary_large_image\" \/>\n<meta name=\"twitter:label1\" content=\"Temps estimat de lectura\" \/>\n\t<meta name=\"twitter:data1\" content=\"2 minuts\" \/>\n<script type=\"application\/ld+json\" class=\"yoast-schema-graph\">{\"@context\":\"https:\\\/\\\/schema.org\",\"@graph\":[{\"@type\":\"WebPage\",\"@id\":\"https:\\\/\\\/sergiofloresfoto.com\\\/sobre-mi\\\/\",\"url\":\"https:\\\/\\\/sergiofloresfoto.com\\\/sobre-mi\\\/\",\"name\":\"Sobre m\u00ed - Sergio Flores Fot\u00f3grafo\",\"isPartOf\":{\"@id\":\"https:\\\/\\\/sergiofloresfoto.com\\\/#website\"},\"primaryImageOfPage\":{\"@id\":\"https:\\\/\\\/sergiofloresfoto.com\\\/sobre-mi\\\/#primaryimage\"},\"image\":{\"@id\":\"https:\\\/\\\/sergiofloresfoto.com\\\/sobre-mi\\\/#primaryimage\"},\"thumbnailUrl\":\"https:\\\/\\\/sergiofloresfoto.com\\\/wp-content\\\/uploads\\\/2025\\\/10\\\/SergiFlores-Foto-de-Jordi-Casademont-.jpg\",\"datePublished\":\"2025-05-14T08:23:46+00:00\",\"dateModified\":\"2025-10-21T11:44:31+00:00\",\"breadcrumb\":{\"@id\":\"https:\\\/\\\/sergiofloresfoto.com\\\/sobre-mi\\\/#breadcrumb\"},\"inLanguage\":\"ca\",\"potentialAction\":[{\"@type\":\"ReadAction\",\"target\":[\"https:\\\/\\\/sergiofloresfoto.com\\\/sobre-mi\\\/\"]}]},{\"@type\":\"ImageObject\",\"inLanguage\":\"ca\",\"@id\":\"https:\\\/\\\/sergiofloresfoto.com\\\/sobre-mi\\\/#primaryimage\",\"url\":\"https:\\\/\\\/sergiofloresfoto.com\\\/wp-content\\\/uploads\\\/2025\\\/10\\\/SergiFlores-Foto-de-Jordi-Casademont-.jpg\",\"contentUrl\":\"https:\\\/\\\/sergiofloresfoto.com\\\/wp-content\\\/uploads\\\/2025\\\/10\\\/SergiFlores-Foto-de-Jordi-Casademont-.jpg\"},{\"@type\":\"BreadcrumbList\",\"@id\":\"https:\\\/\\\/sergiofloresfoto.com\\\/sobre-mi\\\/#breadcrumb\",\"itemListElement\":[{\"@type\":\"ListItem\",\"position\":1,\"name\":\"Portada\",\"item\":\"https:\\\/\\\/sergiofloresfoto.com\\\/\"},{\"@type\":\"ListItem\",\"position\":2,\"name\":\"Sobre m\u00ed\"}]},{\"@type\":\"WebSite\",\"@id\":\"https:\\\/\\\/sergiofloresfoto.com\\\/#website\",\"url\":\"https:\\\/\\\/sergiofloresfoto.com\\\/\",\"name\":\"Sergio Flores Fot\u00f3grafo\",\"description\":\"\",\"publisher\":{\"@id\":\"https:\\\/\\\/sergiofloresfoto.com\\\/#organization\"},\"potentialAction\":[{\"@type\":\"SearchAction\",\"target\":{\"@type\":\"EntryPoint\",\"urlTemplate\":\"https:\\\/\\\/sergiofloresfoto.com\\\/?s={search_term_string}\"},\"query-input\":{\"@type\":\"PropertyValueSpecification\",\"valueRequired\":true,\"valueName\":\"search_term_string\"}}],\"inLanguage\":\"ca\"},{\"@type\":\"Organization\",\"@id\":\"https:\\\/\\\/sergiofloresfoto.com\\\/#organization\",\"name\":\"Sergio Flores Fot\u00f3grafo\",\"url\":\"https:\\\/\\\/sergiofloresfoto.com\\\/\",\"logo\":{\"@type\":\"ImageObject\",\"inLanguage\":\"ca\",\"@id\":\"https:\\\/\\\/sergiofloresfoto.com\\\/#\\\/schema\\\/logo\\\/image\\\/\",\"url\":\"https:\\\/\\\/sergiofloresfoto.com\\\/wp-content\\\/uploads\\\/2025\\\/05\\\/Sergio-Flores-LOGO.svg\",\"contentUrl\":\"https:\\\/\\\/sergiofloresfoto.com\\\/wp-content\\\/uploads\\\/2025\\\/05\\\/Sergio-Flores-LOGO.svg\",\"width\":506,\"height\":313,\"caption\":\"Sergio Flores Fot\u00f3grafo\"},\"image\":{\"@id\":\"https:\\\/\\\/sergiofloresfoto.com\\\/#\\\/schema\\\/logo\\\/image\\\/\"}}]}<\/script>\n<!-- \/ Yoast SEO plugin. -->","yoast_head_json":{"title":"Sobre m\u00ed - Sergio Flores Fot\u00f3grafo","robots":{"index":"index","follow":"follow","max-snippet":"max-snippet:-1","max-image-preview":"max-image-preview:large","max-video-preview":"max-video-preview:-1"},"canonical":"https:\/\/sergiofloresfoto.com\/ca\/sobre-mi\/","og_locale":"ca_ES","og_type":"article","og_title":"Sobre m\u00ed - Sergio Flores Fot\u00f3grafo","og_description":"Sergio Flores Fot\u00f3grafo Sergio&nbsp;Flores&nbsp;posee una amplia experiencia en el \u00e1mbito de la imagen desde que en 1987 tuvo su primer contacto con cursos de formaci\u00f3n audiovisual organizados por el Ayuntamiento de Barcelona. Posteriormente, empez\u00f3 su trayectoria profesional en la productora V\u00eddeo Comunicaci\u00f3n en el departamento de luminotecnia, donde particip\u00f3 en la grabaci\u00f3n de numerosos anuncios ... Read more","og_url":"https:\/\/sergiofloresfoto.com\/ca\/sobre-mi\/","og_site_name":"Sergio Flores Fot\u00f3grafo","article_modified_time":"2025-10-21T11:44:31+00:00","og_image":[{"url":"https:\/\/sergiofloresfoto.com\/wp-content\/uploads\/2025\/10\/SergiFlores-Foto-de-Jordi-Casademont-.jpg","type":"","width":"","height":""}],"twitter_card":"summary_large_image","twitter_misc":{"Temps estimat de lectura":"2 minuts"},"schema":{"@context":"https:\/\/schema.org","@graph":[{"@type":"WebPage","@id":"https:\/\/sergiofloresfoto.com\/sobre-mi\/","url":"https:\/\/sergiofloresfoto.com\/sobre-mi\/","name":"Sobre m\u00ed - Sergio Flores Fot\u00f3grafo","isPartOf":{"@id":"https:\/\/sergiofloresfoto.com\/#website"},"primaryImageOfPage":{"@id":"https:\/\/sergiofloresfoto.com\/sobre-mi\/#primaryimage"},"image":{"@id":"https:\/\/sergiofloresfoto.com\/sobre-mi\/#primaryimage"},"thumbnailUrl":"https:\/\/sergiofloresfoto.com\/wp-content\/uploads\/2025\/10\/SergiFlores-Foto-de-Jordi-Casademont-.jpg","datePublished":"2025-05-14T08:23:46+00:00","dateModified":"2025-10-21T11:44:31+00:00","breadcrumb":{"@id":"https:\/\/sergiofloresfoto.com\/sobre-mi\/#breadcrumb"},"inLanguage":"ca","potentialAction":[{"@type":"ReadAction","target":["https:\/\/sergiofloresfoto.com\/sobre-mi\/"]}]},{"@type":"ImageObject","inLanguage":"ca","@id":"https:\/\/sergiofloresfoto.com\/sobre-mi\/#primaryimage","url":"https:\/\/sergiofloresfoto.com\/wp-content\/uploads\/2025\/10\/SergiFlores-Foto-de-Jordi-Casademont-.jpg","contentUrl":"https:\/\/sergiofloresfoto.com\/wp-content\/uploads\/2025\/10\/SergiFlores-Foto-de-Jordi-Casademont-.jpg"},{"@type":"BreadcrumbList","@id":"https:\/\/sergiofloresfoto.com\/sobre-mi\/#breadcrumb","itemListElement":[{"@type":"ListItem","position":1,"name":"Portada","item":"https:\/\/sergiofloresfoto.com\/"},{"@type":"ListItem","position":2,"name":"Sobre m\u00ed"}]},{"@type":"WebSite","@id":"https:\/\/sergiofloresfoto.com\/#website","url":"https:\/\/sergiofloresfoto.com\/","name":"Sergio Flores Fot\u00f3grafo","description":"","publisher":{"@id":"https:\/\/sergiofloresfoto.com\/#organization"},"potentialAction":[{"@type":"SearchAction","target":{"@type":"EntryPoint","urlTemplate":"https:\/\/sergiofloresfoto.com\/?s={search_term_string}"},"query-input":{"@type":"PropertyValueSpecification","valueRequired":true,"valueName":"search_term_string"}}],"inLanguage":"ca"},{"@type":"Organization","@id":"https:\/\/sergiofloresfoto.com\/#organization","name":"Sergio Flores Fot\u00f3grafo","url":"https:\/\/sergiofloresfoto.com\/","logo":{"@type":"ImageObject","inLanguage":"ca","@id":"https:\/\/sergiofloresfoto.com\/#\/schema\/logo\/image\/","url":"https:\/\/sergiofloresfoto.com\/wp-content\/uploads\/2025\/05\/Sergio-Flores-LOGO.svg","contentUrl":"https:\/\/sergiofloresfoto.com\/wp-content\/uploads\/2025\/05\/Sergio-Flores-LOGO.svg","width":506,"height":313,"caption":"Sergio Flores Fot\u00f3grafo"},"image":{"@id":"https:\/\/sergiofloresfoto.com\/#\/schema\/logo\/image\/"}}]}},"_links":{"self":[{"href":"https:\/\/sergiofloresfoto.com\/ca\/wp-json\/wp\/v2\/pages\/634","targetHints":{"allow":["GET"]}}],"collection":[{"href":"https:\/\/sergiofloresfoto.com\/ca\/wp-json\/wp\/v2\/pages"}],"about":[{"href":"https:\/\/sergiofloresfoto.com\/ca\/wp-json\/wp\/v2\/types\/page"}],"author":[{"embeddable":true,"href":"https:\/\/sergiofloresfoto.com\/ca\/wp-json\/wp\/v2\/users\/1"}],"replies":[{"embeddable":true,"href":"https:\/\/sergiofloresfoto.com\/ca\/wp-json\/wp\/v2\/comments?post=634"}],"version-history":[{"count":5,"href":"https:\/\/sergiofloresfoto.com\/ca\/wp-json\/wp\/v2\/pages\/634\/revisions"}],"predecessor-version":[{"id":1254,"href":"https:\/\/sergiofloresfoto.com\/ca\/wp-json\/wp\/v2\/pages\/634\/revisions\/1254"}],"wp:attachment":[{"href":"https:\/\/sergiofloresfoto.com\/ca\/wp-json\/wp\/v2\/media?parent=634"}],"curies":[{"name":"wp","href":"https:\/\/api.w.org\/{rel}","templated":true}]}}