{"id":778,"date":"2025-05-27T14:02:07","date_gmt":"2025-05-27T14:02:07","guid":{"rendered":"https:\/\/sergioflores.eurovia.net\/?page_id=778"},"modified":"2025-10-27T08:31:46","modified_gmt":"2025-10-27T08:31:46","slug":"politica-de-cookies","status":"publish","type":"page","link":"https:\/\/sergiofloresfoto.com\/ca\/politica-de-cookies\/","title":{"rendered":"Pol\u00edtica de cookies"},"content":{"rendered":"<h2 class=\"wp-block-heading\">Pol\u00edtica de cookies y almacenamiento local<\/h2>\n\n\n\n<p>Responsable del tratamiento: SERGIO FLORES, CIF: 46045492K, con domicilio social en Llull, 256&nbsp; Esc. Dreta, 6\u00e8-2a. 08005 BARCELONA. Tel\u00e9fono: +34 653 664 780. Correo electr\u00f3nico: sergioflores@rockimpres.com<\/p>\n\n\n\n<p>La legitimaci\u00f3n para el uso de las cookies es la siguiente:<\/p>\n\n\n\n<p>\u2013 Cookies t\u00e9cnicas, que permiten el funcionamiento y la prestaci\u00f3n de los servicios ofrecidos en la web: habilitaci\u00f3n legal conforme al Art. 22 de la ley 34\/2002 (LSSI).<\/p>\n\n\n\n<p>\u2013 Cualquier otro tipo de cookies: consentimiento del interesado (Art. 6.1. a) del Reglamento (UE) 2016\/679).<\/p>\n\n\n\n<p>En la presente pol\u00edtica de cookies, encontrar\u00e1 la descripci\u00f3n y finalidad de cada una de las cookies utilizadas, as\u00ed como su nombre, el servidor de env\u00edo, su caducidad y en algunos casos la existencia de transferencia internacional de datos.<\/p>\n\n\n\n<p><strong>Pol\u00edtica de cookies:<\/strong><\/p>\n\n\n\n<p>Seg\u00fan la Ley 34\/2002, de 11 de julio, de Servicios de la Sociedad de la Informaci\u00f3n y Comercio Electr\u00f3nico le informamos de que este sitio web usa Cookies para mejorar y optimizar la experiencia del usuario. A continuaci\u00f3n encontrar\u00e1 informaci\u00f3n detallada sobre qu\u00e9 son las \u201cCookies\u201d, qu\u00e9 tipolog\u00eda utiliza este sitio web, c\u00f3mo cambiar la configuraci\u00f3n de sus cookies, y qu\u00e9 ocurre si las deshabilitas.<\/p>\n\n\n\n<p><strong>\u00bfQu\u00e9 son las cookies?<\/strong><\/p>\n\n\n\n<p>Una cookie es un fichero que se descarga en su ordenador al acceder a determinadas p\u00e1ginas web. Las cookies permiten a una p\u00e1gina web, entre otras cosas, almacenar y recuperar informaci\u00f3n sobre los h\u00e1bitos de navegaci\u00f3n de un usuario o de su equipo y, dependiendo de la informaci\u00f3n que contengan y de la forma en que utilice su equipo, pueden utilizarse para reconocer al usuario.<\/p>\n\n\n\n<p><strong>\u00bfQu\u00e9 tipos de cookies utiliza esta p\u00e1gina web?<\/strong><\/p>\n\n\n\n<p>\u2022&nbsp;<strong>Cookies de an\u00e1lisis:<\/strong>&nbsp;Son aqu\u00e9llas que bien tratadas por nosotros o por terceros, nos permiten cuantificar el n\u00famero de usuarios y as\u00ed realizar la medici\u00f3n y an\u00e1lisis estad\u00edstico de la utilizaci\u00f3n que hacen los usuarios del servicio ofertado. Para ello se analiza su navegaci\u00f3n en nuestra p\u00e1gina web con el fin de mejorar la oferta de productos o servicios que le ofrecemos.<\/p>\n\n\n\n<p>\u2022&nbsp;<strong>Cookies publicitarias:<\/strong>&nbsp;Son aqu\u00e9llas que, bien tratadas por nosotros o por terceros, nos permiten gestionar de la forma m\u00e1s eficaz posible la oferta de los espacios publicitarios que hay en la p\u00e1gina web, adecuando el contenido del anuncio al contenido del servicio solicitado o al uso que realice de nuestra p\u00e1gina web. Para ello podemos analizar sus h\u00e1bitos de navegaci\u00f3n en Internet y podemos mostrarle publicidad relacionada con su perfil de navegaci\u00f3n.<\/p>\n\n\n\n<p>\u2022&nbsp;<strong>Cookies de Terceros:&nbsp;<\/strong>Proporcionadas por terceros.<\/p>\n\n\n\n<figure class=\"wp-block-table\"><table class=\"has-fixed-layout\"><tbody><tr><td><strong>Complemento<\/strong><\/td><td><strong>Principales cookies empleadas<\/strong><\/td><td><strong>Prop\u00f3sito del complemento<\/strong><\/td><td><strong>Pol\u00edtica de privacidad del proveedor<\/strong><\/td><\/tr><tr><td>Google Analytics<\/td><td>__utma, __utmb, __utmc, __utmz, etc<\/td><td>Google Analytics env\u00eda a Google direcci\u00f3n IP e informaci\u00f3n an\u00f3nima sobre el uso de la p\u00e1gina, con el objetivo de proporcionarnos informaci\u00f3n de c\u00f3mo los usuarios interaccionan con la web<\/td><td><a href=\"http:\/\/www.google.es\/intl\/es\/analytics\/privacyoverview\/\" target=\"_blank\" rel=\"noreferrer noopener\">www.google.es\/intl\/es\/analytics\/privacyoverview\/<\/a><\/td><\/tr><tr><td>YouTube<\/td><td>pref, recently_watched_video_id_list, __gads, etc<\/td><td>Utilizamos YouTube para ofrecerte v\u00eddeos dentro de nuestra p\u00e1gina web. Google utiliza cookies para recordar tu configuraci\u00f3n as\u00ed como para registrar tus intereses para finalidades de marketing.<\/td><td><a href=\"http:\/\/www.google.es\/intl\/es\/policies\/privacy\/\">http:\/\/www.google.es\/intl\/es\/policies\/privacy\/<\/a>&nbsp;y&nbsp;<a href=\"http:\/\/www.google.es\/intl\/es\/policies\/technologies\/types\/\">http:\/\/www.google.es\/intl\/es\/policies\/technologies\/types\/<\/a><\/td><\/tr><tr><td>Google Maps<\/td><td>nid, pref y khcookie, etc<\/td><td>Google Maps nos permite incluir en nuestra web mapas con la ubicaci\u00f3n de nuestros establecimientos<\/td><td><a href=\"http:\/\/www.google.com\/intl\/es_es\/help\/terms_maps\/\">http:\/\/www.google.com\/intl\/es_es\/help\/terms_maps\/<\/a>&nbsp;\/ y&nbsp;<a href=\"http:\/\/www.google.es\/intl\/es\/policies\/technologies\/types\/\">http:\/\/www.google.es\/intl\/es\/policies\/technologies\/types\/<\/a><\/td><\/tr><tr><td>Google Recaptcha<\/td><td>Cookies temporales y persistentes, almacenamiento local del navegador<\/td><td>Google Recaptcha es una funci\u00f3n de seguridad, proporcionada por Google, necesaria para evitar el env\u00edo de formularios por parte de bots<\/td><td><a href=\"https:\/\/policies.google.com\/privacy?hl=es\">https:\/\/policies.google.com\/privacy?hl=es<\/a><\/td><\/tr><\/tbody><\/table><\/figure>\n\n\n\n<p><strong>\u00bfQu\u00e9 ocurre si se deshabilitan las Cookies?<\/strong><\/p>\n\n\n\n<p>Algunas funcionalidades de los Servicios y \u00e1reas de este sitio web podr\u00edan no funcionar correctamente si se deshabilitan las cookies.<\/p>\n\n\n\n<p><strong>\u00bfActualizamos nuestra Pol\u00edtica de Cookies?<\/strong><\/p>\n\n\n\n<p>Es posible que actualicemos la Pol\u00edtica de Cookies de nuestro p\u00e1gina web, por ello le recomendamos revisar esta pol\u00edtica cada vez que acceda a nuestro sitio web con el objetivo de estar adecuadamente informado sobre c\u00f3mo y para qu\u00e9 usamos las cookies.<\/p>\n\n\n\n<p><strong>\u00bfC\u00f3mo puede configurar sus Cookies?<\/strong><\/p>\n\n\n\n<p>Al navegar y continuar en nuestro sitio web estar\u00e1 consintiendo el uso de las Cookies en las condiciones contenidas en la presente Pol\u00edtica de Cookies. Usted como usuario tiene la posibilidad de ejercer su derecho a bloquear, eliminar y rechazar el uso de Cookies, en todo momento, modificando las opciones de su navegador. Por ejemplo:<\/p>\n\n\n\n<ul class=\"wp-block-list\">\n<li><strong>Microsoft Edge<\/strong>: Configuraci\u00f3n&gt; Configuraci\u00f3n Avanzada&gt; Cookies.<\/li>\n<\/ul>\n\n\n\n<p>Consulta el&nbsp;<a href=\"http:\/\/windows.microsoft.com\/es-ES\/windows\/support\">soporte de Microsoft<\/a>&nbsp;o la Ayuda del navegador.<\/p>\n\n\n\n<ul class=\"wp-block-list\">\n<li><strong>Mozilla Firefox<\/strong>: Herramientas&gt; Opciones&gt; Privacidad&gt; Historial&gt; Configuraci\u00f3n Personalizada.<\/li>\n<\/ul>\n\n\n\n<p>Consulta el&nbsp;<a href=\"http:\/\/support.mozilla.org\/es\/home\">soporte de Mozilla<\/a>&nbsp;o la Ayuda del navegador.<\/p>\n\n\n\n<ul class=\"wp-block-list\">\n<li><strong>Google Chrome<\/strong>: Configuraci\u00f3n&gt; Mostrar opciones avanzadas &gt; Privacidad&gt; Configuraci\u00f3n de contenido.<\/li>\n<\/ul>\n\n\n\n<p>Consulta el&nbsp;<a href=\"http:\/\/support.google.com\/chrome\/?hl=es\">soporte de Google<\/a>&nbsp;o la Ayuda del navegador.<\/p>\n\n\n\n<ul class=\"wp-block-list\">\n<li><strong>Safari (Apple)<\/strong>: Preferencias&gt; Seguridad.<\/li>\n<\/ul>\n\n\n\n<p>Consulta el&nbsp;<a href=\"http:\/\/www.apple.com\/es\/support\/safari\/\">soporte de Apple<\/a>&nbsp;o la Ayuda del navegador.<\/p>\n\n\n\n<ul class=\"wp-block-list\">\n<li><strong>Opera (Opera Software):&nbsp;<\/strong>Configuraci\u00f3n &gt; Opciones &gt; Avanzado &gt; Cookies<\/li>\n<\/ul>\n\n\n\n<p>Consulta el&nbsp;<a href=\"http:\/\/help.opera.com\/Windows\/11.50\/es-ES\/cookies\/\">soporte de Opera<\/a>&nbsp;o la Ayuda del navegador.<\/p>\n\n\n\n<p>Si usa otro navegador, consulte su pol\u00edtica de instalaci\u00f3n, uso y bloqueo de cookies. No obstante, usando la herramienta&nbsp;<a href=\"http:\/\/www.youronlinechoices.com\/\">www.youronlinechoices.com<\/a>, podr\u00e1 encontrar informaci\u00f3n \u00fatil y configurar, proveedor por proveedor, sus preferencias sobre las cookies.<\/p>\n\n\n\n<p><strong>\u00bfS\u00f3lo existen cookies?<\/strong><\/p>\n\n\n\n<p>Puede ser que haya webs que usen otras formas de almacenamiento similar a las cookies pero con m\u00e1s capacidad, como otras formas de almacenamiento local de datos en el equipo del cliente, por ejemplo:<\/p>\n\n\n\n<p>LocalStorage y sessionStorage de HTML5: Espacio que la web puede usar en el equipo del usuario. Normalmente borrando el historial de Navegaci\u00f3n se pueden borrar.<\/p>\n\n\n\n<p>Los \u00abLocal Shared Objects\u00bb de Flash (el \u00abisolated storage\u00bb de Silverlight): Se almacenan dentro de la carpeta de Microsoft de donde tiene el perfil de usuario. Hay que entrar en la carpeta y borrarlo. (Ejemplo: los videos de vimeo).<br>Flash sirve para incorporar elementos multimedia en una web, y para ello almacena ficheros en el equipo del usuario.<\/p>\n\n\n\n<p>El web beacon sirve para rastrear tu actividad, insertando una mini-imagen de la que ni siquiera te percatas. Cuando navegas por la web, se te carga junto con la p\u00e1gina, y el servidor de d\u00f3nde se descarga la foto, registra la hora del acceso, o las veces que has accedido.<\/p>\n\n\n\n<p>Estos archivos son m\u00e1s intrusivos que las cookies, ya que son m\u00e1s complicados de eliminar, guardan m\u00e1s informaci\u00f3n, y son independientes al navegador que se use. Nosotros no usamos este tipo de almacenamiento.<\/p>\n\n\n\n<p>Esta p\u00e1gina web usa cookies. Las cookies de este sitio web se usan para personalizar el contenido y los anuncios, ofrecer funciones de redes sociales y analizar el tr\u00e1fico. Adem\u00e1s, compartimos informaci\u00f3n sobre el uso que haga del sitio web con nuestros partners de redes sociales, publicidad y an\u00e1lisis web, quienes pueden combinarla con otra informaci\u00f3n que les haya proporcionado o que hayan recopilado a partir del uso que haya hecho de sus servicios. Mas informaci\u00f3n, pulsando&nbsp;<a href=\"https:\/\/sergiofloresfoto.com\/ca\/politica-de-cookies\/\">aqu\u00ed<\/a>.<\/p>\n\n\n\n<p>Las cookies son peque\u00f1os archivos de texto que las p\u00e1ginas web pueden utilizar para hacer m\u00e1s eficiente la experiencia del usuario.<br><br>La ley afirma que podemos almacenar cookies en su dispositivo si son estrictamente necesarias para el funcionamiento de esta p\u00e1gina. Para todos los dem\u00e1s tipos de cookies necesitamos su permiso.<br><br>Esta p\u00e1gina utiliza tipos diferentes de cookies. Algunas cookies son colocadas por servicios de terceros que aparecen en nuestras p\u00e1ginas.<br><br>En cualquier momento puede cambiar o retirar su consentimiento desde la Declaraci\u00f3n de &nbsp;cookies en nuestro sitio web.<br><br>Obtenga m\u00e1s informaci\u00f3n sobre qui\u00e9nes somos, c\u00f3mo puede contactarnos y c\u00f3mo procesamos los datos personales en nuestra Pol\u00edtica de privacidad.<br><br>Al contactarnos respecto a su consentimiento, por favor, indique el ID y la fecha de su consentimiento.<\/p>\n\n\n\n<p>Su consentimiento se aplica a los siguientes dominios: <a href=\"https:\/\/sergiofloresfoto.com\/ca\/\">www.sergiofloresfoto.com<\/a><\/p>\n\n\n\n<p>Declaraci\u00f3n de cookies actualizada por \u00faltima vez el 22\/10\/2025 por CookieYes:<\/p>\n\n\n\n<p><strong>Necesario (1)<\/strong><\/p>\n\n\n\n<p>Las cookies necesarias ayudan a hacer una p\u00e1gina web utilizable activando funciones b\u00e1sicas como la navegaci\u00f3n en la p\u00e1gina y el acceso a \u00e1reas seguras de la p\u00e1gina web. La p\u00e1gina web no puede funcionar adecuadamente sin estas cookies.<\/p>\n\n\n\n<figure class=\"wp-block-table\"><table class=\"has-fixed-layout\"><thead><tr><td><strong>Nombre<\/strong><\/td><td><strong>Proveedor<\/strong><\/td><td><strong>Prop\u00f3sito<\/strong><\/td><td><strong>Caducidad<\/strong><\/td><td><strong>Tipo<\/strong><\/td><\/tr><\/thead><tbody><tr><td>wpEmojiSettingsSupports<\/td><td>sergiofloresfoto.com<\/td><td>WordPress establece esta cookie cuando un usuario interact\u00faa con emojis en un sitio de WordPress. Ayuda a determinar si el navegador del usuario puede mostrar emojis correctamente.<\/td><td>session<\/td><td>&nbsp;<\/td><\/tr><\/tbody><\/table><\/figure>\n\n\n\n<p><strong>Estad\u00edstica (2)<\/strong><\/p>\n\n\n\n<p>Las cookies estad\u00edsticas ayudan a los propietarios de p\u00e1ginas web a comprender c\u00f3mo interact\u00faan los visitantes con las p\u00e1ginas web reuniendo y proporcionando informaci\u00f3n de forma an\u00f3nima.<\/p>\n\n\n\n<figure class=\"wp-block-table\"><table class=\"has-fixed-layout\"><thead><tr><td><strong>Nombre<\/strong><\/td><td><strong>Proveedor<\/strong><\/td><td><strong>Prop\u00f3sito<\/strong><\/td><td><strong>Caducidad<\/strong><\/td><td><strong>Tipo<\/strong><\/td><\/tr><\/thead><tbody><tr><td>_ga<\/td><td><a href=\"https:\/\/policies.google.com\/privacy\" target=\"_blank\" rel=\"noreferrer noopener\">Google<\/a><\/td><td>Registra una identificaci\u00f3n \u00fanica que se utiliza para generar datos estad\u00edsticos acerca de c\u00f3mo utiliza el visitante el sitio web.<\/td><td>2 a\u00f1os<\/td><td>HTTP Cookie<\/td><\/tr><tr><td>_ga_*<\/td><td><a href=\"https:\/\/policies.google.com\/privacy\" target=\"_blank\" rel=\"noreferrer noopener\">Google<\/a><\/td><td>Google Analytics establece esta cookie para almacenar y contar las vistas de p\u00e1gina.<\/td><td>1 d\u00eda<\/td><td>HTTP Cookie<\/td><\/tr><\/tbody><\/table><\/figure>\n\n\n\n<p><strong>Funcional (0)<\/strong><\/p>\n\n\n\n<p>Las cookies funcionales ayudan a realizar ciertas funcionalidades, como compartir el contenido del sitio web en plataformas de redes sociales, recopilar comentarios y otras caracter\u00edsticas de terceros.<\/p>\n\n\n\n<p><strong>Rendimiento (0)<\/strong><\/p>\n\n\n\n<p>Las cookies de rendimiento se utilizan para comprender y analizar los \u00edndices de rendimiento clave del sitio web, lo que ayuda a proporcionar una mejor experiencia de usuario para los visitantes.<\/p>\n\n\n\n<p><strong>Anuncio &nbsp;(0)<\/strong><\/p>\n\n\n\n<p>Las cookies publicitarias se utilizan para entregar a los visitantes anuncios personalizados basados \u200b\u200ben las p\u00e1ginas que visitaron antes y analizar la efectividad de la campa\u00f1a publicitaria.<\/p>\n\n\n\n<p><strong>Tratamiento de datos personales:<\/strong><\/p>\n\n\n\n<p>Responsable del tratamiento: SERGIO FLORES, CIF: 46045492K, con domicilio social en Llull, 256&nbsp; Esc. Dreta, 6\u00e8-2a. 08005 BARCELONA. Tel\u00e9fono: +34 653 664 780. Correo electr\u00f3nico: sergioflores@rockimpres.com<\/p>\n\n\n\n<p>La legitimaci\u00f3n para el uso de las cookies es la siguiente:aqui<\/p>\n\n\n\n<p>\u2013 Cookies t\u00e9cnicas, que permiten el funcionamiento y la prestaci\u00f3n de los servicios ofrecidos en la web: habilitaci\u00f3n legal conforme al Art. 22 de la ley 34\/2002 (LSSI).<\/p>\n\n\n\n<p>\u2013 Cualquier otro tipo de cookies: consentimiento del interesado (Art. 6.1. a) del Reglamento (UE) 2016\/679).<\/p>\n\n\n\n<p>Fines del tratamiento: seg\u00fan se especifica en el apartado de cookies que se utilizan en este sitio web.<\/p>\n\n\n\n<p>Conservaci\u00f3n de los datos: Los datos personales proporcionados se conservar\u00e1n durante el tiempo necesario para cumplir con la finalidad para la que se recaban y para determinar las posibles responsabilidades que se pudieran derivar de la finalidad.<\/p>\n\n\n\n<p>Comunicaci\u00f3n de los datos: no se comunicar\u00e1n los datos a terceros, excepto en cookies propiedad de terceros o por obligaci\u00f3n legal.<\/p>\n\n\n\n<p>Derechos de las personas interesadas: Para solicitar el acceso, la rectificaci\u00f3n, supresi\u00f3n o limitaci\u00f3n del tratamiento de los datos personales o a oponerse al tratamiento, en el caso de se den los requisitos establecidos en el Reglamento General de Protecci\u00f3n de Datos, as\u00ed como en la Ley Org\u00e1nica 3\/2018, de 5 de diciembre, de Protecci\u00f3n de Datos Personal y garant\u00eda de los derechos digitales, puede dirigir un escrito al responsable del tratamiento, SERGIO FLORES, dirigiendo el mismo a Llull, 256\u00a0 Esc. Dreta, 6\u00e8-2a. 08005 BARCELONA. Tel\u00e9fono: +34 653 664 780. Correo electr\u00f3nico: <a href=\"mailto:sergioflores@rockimpres.com\">sergioflores@rockimpres.com<\/a>.<\/p>\n\n\n\n<p>Tiene derecho a presentar una reclamaci\u00f3n ante la Agencia Espa\u00f1ola de Protecci\u00f3n de Datos en el supuesto que considere que no se ha atendido convenientemente el ejercicio de sus derechos.<\/p>","protected":false},"excerpt":{"rendered":"<p>Pol\u00edtica de cookies y almacenamiento local Responsable del tratamiento: SERGIO FLORES, CIF: 46045492K, con domicilio social en Llull, 256&nbsp; Esc. Dreta, 6\u00e8-2a. 08005 BARCELONA. Tel\u00e9fono: +34 653 664 780. Correo electr\u00f3nico: sergioflores@rockimpres.com La legitimaci\u00f3n para el uso de las cookies es la siguiente: \u2013 Cookies t\u00e9cnicas, que permiten el funcionamiento y la prestaci\u00f3n de los &#8230; <a title=\"Pol\u00edtica de cookies\" class=\"read-more\" href=\"https:\/\/sergiofloresfoto.com\/ca\/politica-de-cookies\/\" aria-label=\"M\u00e9s informaci\u00f3 sobre Pol\u00edtica de cookies\">Read more<\/a><\/p>","protected":false},"author":1,"featured_media":0,"parent":0,"menu_order":0,"comment_status":"closed","ping_status":"closed","template":"","meta":{"_acf_changed":false,"inline_featured_image":false,"footnotes":""},"class_list":["post-778","page","type-page","status-publish"],"acf":[],"yoast_head":"<!-- This site is optimized with the Yoast SEO plugin v27.5 - https:\/\/yoast.com\/product\/yoast-seo-wordpress\/ -->\n<title>Pol\u00edtica de cookies - Sergio Flores Fot\u00f3grafo<\/title>\n<meta name=\"robots\" content=\"index, follow, max-snippet:-1, max-image-preview:large, max-video-preview:-1\" \/>\n<link rel=\"canonical\" href=\"https:\/\/sergiofloresfoto.com\/ca\/politica-de-cookies\/\" \/>\n<meta property=\"og:locale\" content=\"ca_ES\" \/>\n<meta property=\"og:type\" content=\"article\" \/>\n<meta property=\"og:title\" content=\"Pol\u00edtica de cookies - Sergio Flores Fot\u00f3grafo\" \/>\n<meta property=\"og:description\" content=\"Pol\u00edtica de cookies y almacenamiento local Responsable del tratamiento: SERGIO FLORES, CIF: 46045492K, con domicilio social en Llull, 256&nbsp; Esc. Dreta, 6\u00e8-2a. 08005 BARCELONA. Tel\u00e9fono: +34 653 664 780. Correo electr\u00f3nico: sergioflores@rockimpres.com La legitimaci\u00f3n para el uso de las cookies es la siguiente: \u2013 Cookies t\u00e9cnicas, que permiten el funcionamiento y la prestaci\u00f3n de los ... Read more\" \/>\n<meta property=\"og:url\" content=\"https:\/\/sergiofloresfoto.com\/ca\/politica-de-cookies\/\" \/>\n<meta property=\"og:site_name\" content=\"Sergio Flores Fot\u00f3grafo\" \/>\n<meta property=\"article:modified_time\" content=\"2025-10-27T08:31:46+00:00\" \/>\n<meta name=\"twitter:card\" content=\"summary_large_image\" \/>\n<meta name=\"twitter:label1\" content=\"Temps estimat de lectura\" \/>\n\t<meta name=\"twitter:data1\" content=\"9 minuts\" \/>\n<script type=\"application\/ld+json\" class=\"yoast-schema-graph\">{\"@context\":\"https:\\\/\\\/schema.org\",\"@graph\":[{\"@type\":\"WebPage\",\"@id\":\"https:\\\/\\\/sergiofloresfoto.com\\\/politica-de-cookies\\\/\",\"url\":\"https:\\\/\\\/sergiofloresfoto.com\\\/politica-de-cookies\\\/\",\"name\":\"Pol\u00edtica de cookies - Sergio Flores Fot\u00f3grafo\",\"isPartOf\":{\"@id\":\"https:\\\/\\\/sergiofloresfoto.com\\\/#website\"},\"datePublished\":\"2025-05-27T14:02:07+00:00\",\"dateModified\":\"2025-10-27T08:31:46+00:00\",\"breadcrumb\":{\"@id\":\"https:\\\/\\\/sergiofloresfoto.com\\\/politica-de-cookies\\\/#breadcrumb\"},\"inLanguage\":\"ca\",\"potentialAction\":[{\"@type\":\"ReadAction\",\"target\":[\"https:\\\/\\\/sergiofloresfoto.com\\\/politica-de-cookies\\\/\"]}]},{\"@type\":\"BreadcrumbList\",\"@id\":\"https:\\\/\\\/sergiofloresfoto.com\\\/politica-de-cookies\\\/#breadcrumb\",\"itemListElement\":[{\"@type\":\"ListItem\",\"position\":1,\"name\":\"Portada\",\"item\":\"https:\\\/\\\/sergiofloresfoto.com\\\/\"},{\"@type\":\"ListItem\",\"position\":2,\"name\":\"Pol\u00edtica de cookies\"}]},{\"@type\":\"WebSite\",\"@id\":\"https:\\\/\\\/sergiofloresfoto.com\\\/#website\",\"url\":\"https:\\\/\\\/sergiofloresfoto.com\\\/\",\"name\":\"Sergio Flores Fot\u00f3grafo\",\"description\":\"\",\"publisher\":{\"@id\":\"https:\\\/\\\/sergiofloresfoto.com\\\/#organization\"},\"potentialAction\":[{\"@type\":\"SearchAction\",\"target\":{\"@type\":\"EntryPoint\",\"urlTemplate\":\"https:\\\/\\\/sergiofloresfoto.com\\\/?s={search_term_string}\"},\"query-input\":{\"@type\":\"PropertyValueSpecification\",\"valueRequired\":true,\"valueName\":\"search_term_string\"}}],\"inLanguage\":\"ca\"},{\"@type\":\"Organization\",\"@id\":\"https:\\\/\\\/sergiofloresfoto.com\\\/#organization\",\"name\":\"Sergio Flores Fot\u00f3grafo\",\"url\":\"https:\\\/\\\/sergiofloresfoto.com\\\/\",\"logo\":{\"@type\":\"ImageObject\",\"inLanguage\":\"ca\",\"@id\":\"https:\\\/\\\/sergiofloresfoto.com\\\/#\\\/schema\\\/logo\\\/image\\\/\",\"url\":\"https:\\\/\\\/sergiofloresfoto.com\\\/wp-content\\\/uploads\\\/2025\\\/05\\\/Sergio-Flores-LOGO.svg\",\"contentUrl\":\"https:\\\/\\\/sergiofloresfoto.com\\\/wp-content\\\/uploads\\\/2025\\\/05\\\/Sergio-Flores-LOGO.svg\",\"width\":506,\"height\":313,\"caption\":\"Sergio Flores Fot\u00f3grafo\"},\"image\":{\"@id\":\"https:\\\/\\\/sergiofloresfoto.com\\\/#\\\/schema\\\/logo\\\/image\\\/\"}}]}<\/script>\n<!-- \/ Yoast SEO plugin. -->","yoast_head_json":{"title":"Pol\u00edtica de cookies - Sergio Flores Fot\u00f3grafo","robots":{"index":"index","follow":"follow","max-snippet":"max-snippet:-1","max-image-preview":"max-image-preview:large","max-video-preview":"max-video-preview:-1"},"canonical":"https:\/\/sergiofloresfoto.com\/ca\/politica-de-cookies\/","og_locale":"ca_ES","og_type":"article","og_title":"Pol\u00edtica de cookies - Sergio Flores Fot\u00f3grafo","og_description":"Pol\u00edtica de cookies y almacenamiento local Responsable del tratamiento: SERGIO FLORES, CIF: 46045492K, con domicilio social en Llull, 256&nbsp; Esc. Dreta, 6\u00e8-2a. 08005 BARCELONA. Tel\u00e9fono: +34 653 664 780. Correo electr\u00f3nico: sergioflores@rockimpres.com La legitimaci\u00f3n para el uso de las cookies es la siguiente: \u2013 Cookies t\u00e9cnicas, que permiten el funcionamiento y la prestaci\u00f3n de los ... Read more","og_url":"https:\/\/sergiofloresfoto.com\/ca\/politica-de-cookies\/","og_site_name":"Sergio Flores Fot\u00f3grafo","article_modified_time":"2025-10-27T08:31:46+00:00","twitter_card":"summary_large_image","twitter_misc":{"Temps estimat de lectura":"9 minuts"},"schema":{"@context":"https:\/\/schema.org","@graph":[{"@type":"WebPage","@id":"https:\/\/sergiofloresfoto.com\/politica-de-cookies\/","url":"https:\/\/sergiofloresfoto.com\/politica-de-cookies\/","name":"Pol\u00edtica de cookies - Sergio Flores Fot\u00f3grafo","isPartOf":{"@id":"https:\/\/sergiofloresfoto.com\/#website"},"datePublished":"2025-05-27T14:02:07+00:00","dateModified":"2025-10-27T08:31:46+00:00","breadcrumb":{"@id":"https:\/\/sergiofloresfoto.com\/politica-de-cookies\/#breadcrumb"},"inLanguage":"ca","potentialAction":[{"@type":"ReadAction","target":["https:\/\/sergiofloresfoto.com\/politica-de-cookies\/"]}]},{"@type":"BreadcrumbList","@id":"https:\/\/sergiofloresfoto.com\/politica-de-cookies\/#breadcrumb","itemListElement":[{"@type":"ListItem","position":1,"name":"Portada","item":"https:\/\/sergiofloresfoto.com\/"},{"@type":"ListItem","position":2,"name":"Pol\u00edtica de cookies"}]},{"@type":"WebSite","@id":"https:\/\/sergiofloresfoto.com\/#website","url":"https:\/\/sergiofloresfoto.com\/","name":"Sergio Flores Fot\u00f3grafo","description":"","publisher":{"@id":"https:\/\/sergiofloresfoto.com\/#organization"},"potentialAction":[{"@type":"SearchAction","target":{"@type":"EntryPoint","urlTemplate":"https:\/\/sergiofloresfoto.com\/?s={search_term_string}"},"query-input":{"@type":"PropertyValueSpecification","valueRequired":true,"valueName":"search_term_string"}}],"inLanguage":"ca"},{"@type":"Organization","@id":"https:\/\/sergiofloresfoto.com\/#organization","name":"Sergio Flores Fot\u00f3grafo","url":"https:\/\/sergiofloresfoto.com\/","logo":{"@type":"ImageObject","inLanguage":"ca","@id":"https:\/\/sergiofloresfoto.com\/#\/schema\/logo\/image\/","url":"https:\/\/sergiofloresfoto.com\/wp-content\/uploads\/2025\/05\/Sergio-Flores-LOGO.svg","contentUrl":"https:\/\/sergiofloresfoto.com\/wp-content\/uploads\/2025\/05\/Sergio-Flores-LOGO.svg","width":506,"height":313,"caption":"Sergio Flores Fot\u00f3grafo"},"image":{"@id":"https:\/\/sergiofloresfoto.com\/#\/schema\/logo\/image\/"}}]}},"_links":{"self":[{"href":"https:\/\/sergiofloresfoto.com\/ca\/wp-json\/wp\/v2\/pages\/778","targetHints":{"allow":["GET"]}}],"collection":[{"href":"https:\/\/sergiofloresfoto.com\/ca\/wp-json\/wp\/v2\/pages"}],"about":[{"href":"https:\/\/sergiofloresfoto.com\/ca\/wp-json\/wp\/v2\/types\/page"}],"author":[{"embeddable":true,"href":"https:\/\/sergiofloresfoto.com\/ca\/wp-json\/wp\/v2\/users\/1"}],"replies":[{"embeddable":true,"href":"https:\/\/sergiofloresfoto.com\/ca\/wp-json\/wp\/v2\/comments?post=778"}],"version-history":[{"count":5,"href":"https:\/\/sergiofloresfoto.com\/ca\/wp-json\/wp\/v2\/pages\/778\/revisions"}],"predecessor-version":[{"id":1258,"href":"https:\/\/sergiofloresfoto.com\/ca\/wp-json\/wp\/v2\/pages\/778\/revisions\/1258"}],"wp:attachment":[{"href":"https:\/\/sergiofloresfoto.com\/ca\/wp-json\/wp\/v2\/media?parent=778"}],"curies":[{"name":"wp","href":"https:\/\/api.w.org\/{rel}","templated":true}]}}